{"id":479,"date":"2013-05-23T12:14:09","date_gmt":"2013-05-23T12:14:09","guid":{"rendered":"http:\/\/localhost\/whb\/?page_id=479"},"modified":"2021-12-30T16:50:16","modified_gmt":"2021-12-30T16:50:16","slug":"home-slider-1","status":"publish","type":"page","link":"https:\/\/petermaszyny.pl\/","title":{"rendered":"Home Slider 1"},"content":{"rendered":"<div class=\"col col_1_2 \">\n<div class=\"inner\">\n<h2 class=\"no_margin\">Peter Maszyny<\/h2>\n<p>Nasza firma zajmuje si\u0119 sprzeda\u017c\u0105 u\u017cywanych maszyn budowlanych importowanych z g\u0142\u00f3wnie z Niemiec, Holandii, i Skandynawii.<\/p>\n<p>G\u0142\u00f3wnie jeste\u015bmy nastawieni na sprzeda\u017c maszyn marki Liebherr , ale sprowadzamy r\u00f3wnie\u017c inne marki, tak\u017ce zapraszamy do zapoznania si\u0119 z nasz\u0105 ofert\u0105.<\/p>\n<p>Zapewniamy pomoc finansow\u0105 zakupionej maszyny w formie leasingu \u2013 jeste\u015bmy sprawdzonym dostawc\u0105 w EFL-u dzi\u0119ki czemu leasing mog\u0105 Pa\u0144stwo uzyska\u0107 w ci\u0105gu kilku godzin. Pomagamy w zorganizowaniu transportu zakupionego sprz\u0119tu w Polsce, jak i za granic\u0105.<\/p>\n<p>U nas masz mo\u017cliwo\u015b\u0107 sprawdzenia maszyny przez um\u00f3wiony autoryzowany serwis, czy wybranego swojego mechanika. Maszyn\u0119 zainteresowany klient mo\u017ce pr\u00f3bowa\u0107, i testowa\u0107 przez czas okre\u015blony \u2013 nikt nikomu tego u Nas nie zabrania!<\/p>\n<p>Pracujemy od poniedzia\u0142ku do soboty, ale przed przyjazdem prosimy o kontakt telefoniczny, gdy\u017c nie zawsze jest otwarte.<\/p>\n<\/div>\n<\/div>\n<p><iframe style=\"border: 0;\" data-src=\"https:\/\/www.google.com\/maps\/embed?pb=!1m18!1m12!1m3!1d228627.78463087283!2d20.97766183986746!3d50.71986470276295!2m3!1f0!2f0!3f0!3m2!1i1024!2i768!4f13.1!3m3!1m2!1s0x4717f80f6dd46a9b%3A0x281c6d11f424c795!2zQmFyZHprYSA4NiwgMjYtMDI1IMWBYWfDs3c!5e0!3m2!1spl!2spl!4v1518798731987\" width=\"450\" height=\"380\" frameborder=\"0\" allowfullscreen=\"allowfullscreen\" src=\"data:image\/svg+xml;base64,PHN2ZyB3aWR0aD0iMSIgaGVpZ2h0PSIxIiB4bWxucz0iaHR0cDovL3d3dy53My5vcmcvMjAwMC9zdmciPjwvc3ZnPg==\" class=\"lazyload\" data-load-mode=\"1\"><\/iframe><\/p>\n","protected":false},"excerpt":{"rendered":"","protected":false},"author":1,"featured_media":0,"parent":0,"menu_order":0,"comment_status":"open","ping_status":"open","template":"","meta":{"footnotes":""},"class_list":["post-479","page","type-page","status-publish","hentry"],"brizy_media":[],"_links":{"self":[{"href":"https:\/\/petermaszyny.pl\/index.php?rest_route=\/wp\/v2\/pages\/479","targetHints":{"allow":["GET"]}}],"collection":[{"href":"https:\/\/petermaszyny.pl\/index.php?rest_route=\/wp\/v2\/pages"}],"about":[{"href":"https:\/\/petermaszyny.pl\/index.php?rest_route=\/wp\/v2\/types\/page"}],"author":[{"embeddable":true,"href":"https:\/\/petermaszyny.pl\/index.php?rest_route=\/wp\/v2\/users\/1"}],"replies":[{"embeddable":true,"href":"https:\/\/petermaszyny.pl\/index.php?rest_route=%2Fwp%2Fv2%2Fcomments&post=479"}],"version-history":[{"count":48,"href":"https:\/\/petermaszyny.pl\/index.php?rest_route=\/wp\/v2\/pages\/479\/revisions"}],"predecessor-version":[{"id":20913,"href":"https:\/\/petermaszyny.pl\/index.php?rest_route=\/wp\/v2\/pages\/479\/revisions\/20913"}],"wp:attachment":[{"href":"https:\/\/petermaszyny.pl\/index.php?rest_route=%2Fwp%2Fv2%2Fmedia&parent=479"}],"curies":[{"name":"wp","href":"https:\/\/api.w.org\/{rel}","templated":true}]}}